{"id":943,"date":"2022-01-30T13:26:42","date_gmt":"2022-01-30T13:26:42","guid":{"rendered":"https:\/\/laiavilaro.com\/valores\/"},"modified":"2023-09-08T18:19:14","modified_gmt":"2023-09-08T18:19:14","slug":"valores","status":"publish","type":"page","link":"https:\/\/laiavilaro.com\/es\/valores\/","title":{"rendered":"Valores"},"content":{"rendered":"<section class=\"gb-container gb-container-4983d337 valor2 first alignfull\"><div class=\"gb-inside-container\">\n\n<div class=\"wp-block-media-text alignwide is-image-fill\"><figure class=\"wp-block-media-text__media\" style=\"background-image:url(https:\/\/laiavilaro.com\/wp-content\/uploads\/03-valors.jpg);background-position:31% 62%\"><img loading=\"lazy\" decoding=\"async\" width=\"1400\" height=\"1168\" src=\"https:\/\/laiavilaro.com\/wp-content\/uploads\/03-valors.jpg\" alt=\"\" class=\"wp-image-65 size-full\" srcset=\"https:\/\/laiavilaro.com\/wp-content\/uploads\/03-valors.jpg 1400w, https:\/\/laiavilaro.com\/wp-content\/uploads\/03-valors-800x667.jpg 800w, https:\/\/laiavilaro.com\/wp-content\/uploads\/03-valors-768x641.jpg 768w\" sizes=\"auto, (max-width: 1400px) 100vw, 1400px\" \/><\/figure><div class=\"wp-block-media-text__content\">\n<h2 class=\"wp-block-heading\" id=\"valors\">Valores<\/h2>\n\n\n\n<p>A lo largo de la trayectoria profesional he ido desarrollando mi filosof\u00eda de trabajo y la forma de entender esta profesi\u00f3n siguiendo una serie de preceptos como gu\u00edas. Juntamente a este bagaje se le a\u00f1ade una sensibilizaci\u00f3n por el medio ambiente y un creciente inter\u00e9s por el bienestar y la salud de las personas, \u00e9ste motivado per el agitado estilo de vida que llevamos en las grandes ciudades. De ah\u00ed nace la esencia principal de los proyectos que realizo, la cual se basa en el dise\u00f1o de espacios sostenibles y saludables para aportar bienestar e incluso mejorar la salud de las persones que los habitan.<\/p>\n<\/div><\/div>\n\n<\/div><\/section><div class=\"gb-container gb-container-ef2697d7 valor2 benestar alignfull\"><div class=\"gb-inside-container\">\n\n<div class=\"wp-block-media-text alignwide has-media-on-the-right is-image-fill\"><div class=\"wp-block-media-text__content\">\n<h2 class=\"wp-block-heading\" id=\"benestar-i-salut\">Bienestar y salud<\/h2>\n\n\n\n<p>Espacios pensados para generar beneficios f\u00edsicos y emocionales a trav\u00e9s de los cuales el cuerpo y la mente se sienten reconfortados.<\/p>\n<\/div><figure class=\"wp-block-media-text__media\" style=\"background-image:url(https:\/\/laiavilaro.com\/wp-content\/uploads\/03-valors-benestar.jpg);background-position:54% 57%\"><img loading=\"lazy\" decoding=\"async\" width=\"1900\" height=\"1267\" src=\"https:\/\/laiavilaro.com\/wp-content\/uploads\/03-valors-benestar.jpg\" alt=\"\" class=\"wp-image-57 size-full\" srcset=\"https:\/\/laiavilaro.com\/wp-content\/uploads\/03-valors-benestar.jpg 1900w, https:\/\/laiavilaro.com\/wp-content\/uploads\/03-valors-benestar-800x533.jpg 800w, https:\/\/laiavilaro.com\/wp-content\/uploads\/03-valors-benestar-768x512.jpg 768w, https:\/\/laiavilaro.com\/wp-content\/uploads\/03-valors-benestar-1536x1024.jpg 1536w\" sizes=\"auto, (max-width: 1900px) 100vw, 1900px\" \/><\/figure><\/div>\n\n<\/div><\/div><div class=\"gb-container gb-container-ada4a5b7 valor2 sostenibilitat alignfull\"><div class=\"gb-inside-container\">\n\n<div class=\"wp-block-media-text alignwide is-image-fill\"><figure class=\"wp-block-media-text__media\" style=\"background-image:url(https:\/\/laiavilaro.com\/wp-content\/uploads\/03-valors-sostenibilitat.jpg);background-position:51% 72%\"><img loading=\"lazy\" decoding=\"async\" width=\"1400\" height=\"1168\" src=\"https:\/\/laiavilaro.com\/wp-content\/uploads\/03-valors-sostenibilitat.jpg\" alt=\"\" class=\"wp-image-63 size-full\" srcset=\"https:\/\/laiavilaro.com\/wp-content\/uploads\/03-valors-sostenibilitat.jpg 1400w, https:\/\/laiavilaro.com\/wp-content\/uploads\/03-valors-sostenibilitat-800x667.jpg 800w, https:\/\/laiavilaro.com\/wp-content\/uploads\/03-valors-sostenibilitat-768x641.jpg 768w\" sizes=\"auto, (max-width: 1400px) 100vw, 1400px\" \/><\/figure><div class=\"wp-block-media-text__content\">\n<h2 class=\"wp-block-heading\" id=\"sostenibilitat\">Sostenibilidad<\/h2>\n\n\n\n<p>Espacios dise\u00f1ados con respeto y estima por el mundo en el cual vivimos, pensados para contribuir en la mejora del entorno y del medio ambiente.<\/p>\n<\/div><\/div>\n\n<\/div><\/div><div class=\"gb-container gb-container-92b3b8b2 valor2 funcionalitat alignfull\"><div class=\"gb-inside-container\">\n\n<div class=\"wp-block-media-text alignwide has-media-on-the-right is-image-fill\"><div class=\"wp-block-media-text__content\">\n<h2 class=\"wp-block-heading\" id=\"funcionalitat\">Funcionalidad<\/h2>\n\n\n\n<p>Espacios que faciliten el d\u00eda a d\u00eda y ayuden agradablemente a vivir mejor.<\/p>\n<\/div><figure class=\"wp-block-media-text__media\" style=\"background-image:url(https:\/\/laiavilaro.com\/wp-content\/uploads\/03-valors-funcionalitat.jpg);background-position:56% 72%\"><img loading=\"lazy\" decoding=\"async\" width=\"2000\" height=\"1168\" src=\"https:\/\/laiavilaro.com\/wp-content\/uploads\/03-valors-funcionalitat.jpg\" alt=\"\" class=\"wp-image-67 size-full\" srcset=\"https:\/\/laiavilaro.com\/wp-content\/uploads\/03-valors-funcionalitat.jpg 2000w, https:\/\/laiavilaro.com\/wp-content\/uploads\/03-valors-funcionalitat-800x467.jpg 800w, https:\/\/laiavilaro.com\/wp-content\/uploads\/03-valors-funcionalitat-768x449.jpg 768w, https:\/\/laiavilaro.com\/wp-content\/uploads\/03-valors-funcionalitat-1536x897.jpg 1536w\" sizes=\"auto, (max-width: 2000px) 100vw, 2000px\" \/><\/figure><\/div>\n\n<\/div><\/div><div class=\"gb-container gb-container-00eb7395 valor2 confortabilitat alignfull\"><div class=\"gb-inside-container\">\n\n<div class=\"wp-block-media-text alignwide is-image-fill\"><figure class=\"wp-block-media-text__media\" style=\"background-image:url(https:\/\/laiavilaro.com\/wp-content\/uploads\/03-valors-confortabilitat.jpg);background-position:46% 64%\"><img loading=\"lazy\" decoding=\"async\" width=\"1400\" height=\"1168\" src=\"https:\/\/laiavilaro.com\/wp-content\/uploads\/03-valors-confortabilitat.jpg\" alt=\"\" class=\"wp-image-62 size-full\" srcset=\"https:\/\/laiavilaro.com\/wp-content\/uploads\/03-valors-confortabilitat.jpg 1400w, https:\/\/laiavilaro.com\/wp-content\/uploads\/03-valors-confortabilitat-800x667.jpg 800w, https:\/\/laiavilaro.com\/wp-content\/uploads\/03-valors-confortabilitat-768x641.jpg 768w\" sizes=\"auto, (max-width: 1400px) 100vw, 1400px\" \/><\/figure><div class=\"wp-block-media-text__content\">\n<h2 class=\"wp-block-heading\" id=\"confortabilitat\">Confortabilidad<\/h2>\n\n\n\n<p>Espacios que nos acaricien e inviten a gozarlos.<\/p>\n<\/div><\/div>\n\n<\/div><\/div><div class=\"gb-container gb-container-5ff251a6 valor2 calidesa alignfull\"><div class=\"gb-inside-container\">\n\n<div class=\"wp-block-media-text alignwide has-media-on-the-right is-image-fill\"><div class=\"wp-block-media-text__content\">\n<h2 class=\"wp-block-heading\" id=\"calidesa\">Calidez<\/h2>\n\n\n\n<p>Obtenida de las tonalidades y materiales naturales as\u00ed como tambi\u00e9n de la adecuada iluminaci\u00f3n.<\/p>\n<\/div><figure class=\"wp-block-media-text__media\" style=\"background-image:url(https:\/\/laiavilaro.com\/wp-content\/uploads\/03-valors-calidesa.jpg);background-position:48% 75%\"><img loading=\"lazy\" decoding=\"async\" width=\"1600\" height=\"1060\" src=\"https:\/\/laiavilaro.com\/wp-content\/uploads\/03-valors-calidesa.jpg\" alt=\"\" class=\"wp-image-59 size-full\" srcset=\"https:\/\/laiavilaro.com\/wp-content\/uploads\/03-valors-calidesa.jpg 1600w, https:\/\/laiavilaro.com\/wp-content\/uploads\/03-valors-calidesa-800x530.jpg 800w, https:\/\/laiavilaro.com\/wp-content\/uploads\/03-valors-calidesa-768x509.jpg 768w, https:\/\/laiavilaro.com\/wp-content\/uploads\/03-valors-calidesa-1536x1018.jpg 1536w\" sizes=\"auto, (max-width: 1600px) 100vw, 1600px\" \/><\/figure><\/div>\n\n<\/div><\/div><div class=\"gb-container gb-container-8152371d valor2 menysesmes alignfull\"><div class=\"gb-inside-container\">\n\n<div class=\"wp-block-media-text alignwide is-image-fill\"><figure class=\"wp-block-media-text__media\" style=\"background-image:url(https:\/\/laiavilaro.com\/wp-content\/uploads\/03-valors-menysesmes.jpg);background-position:62% 47%\"><img loading=\"lazy\" decoding=\"async\" width=\"1400\" height=\"1168\" src=\"https:\/\/laiavilaro.com\/wp-content\/uploads\/03-valors-menysesmes.jpg\" alt=\"\" class=\"wp-image-52 size-full\" srcset=\"https:\/\/laiavilaro.com\/wp-content\/uploads\/03-valors-menysesmes.jpg 1400w, https:\/\/laiavilaro.com\/wp-content\/uploads\/03-valors-menysesmes-800x667.jpg 800w, https:\/\/laiavilaro.com\/wp-content\/uploads\/03-valors-menysesmes-768x641.jpg 768w\" sizes=\"auto, (max-width: 1400px) 100vw, 1400px\" \/><\/figure><div class=\"wp-block-media-text__content\">\n<h2 class=\"wp-block-heading\" id=\"menys-es-mes\">Menos es m\u00e1s<\/h2>\n\n\n\n<p>Encontrando en la simplicidad y los detalles el encanto y la belleza.<\/p>\n<\/div><\/div>\n\n<\/div><\/div><div class=\"gb-container gb-container-5befefbf valor2 professionalitat alignfull\"><div class=\"gb-inside-container\">\n\n<div class=\"wp-block-media-text alignwide has-media-on-the-right is-image-fill\"><div class=\"wp-block-media-text__content\">\n<h2 class=\"wp-block-heading\" id=\"professionalitat\">Profesionalidad<\/h2>\n\n\n\n<p>Siempre con la exigencia del trabajo bien hecho, realizado con dedicaci\u00f3n, responsabilidad y honestidad.<\/p>\n<\/div><figure class=\"wp-block-media-text__media\" style=\"background-image:url(https:\/\/laiavilaro.com\/wp-content\/uploads\/03-valors-professionalitat.jpg);background-position:47% 75%\"><img loading=\"lazy\" decoding=\"async\" width=\"1400\" height=\"1168\" src=\"https:\/\/laiavilaro.com\/wp-content\/uploads\/03-valors-professionalitat.jpg\" alt=\"\" class=\"wp-image-53 size-full\" srcset=\"https:\/\/laiavilaro.com\/wp-content\/uploads\/03-valors-professionalitat.jpg 1400w, https:\/\/laiavilaro.com\/wp-content\/uploads\/03-valors-professionalitat-800x667.jpg 800w, https:\/\/laiavilaro.com\/wp-content\/uploads\/03-valors-professionalitat-768x641.jpg 768w\" sizes=\"auto, (max-width: 1400px) 100vw, 1400px\" \/><\/figure><\/div>\n\n<\/div><\/div><div class=\"gb-container gb-container-630b3624 valor2 racionalitat alignfull\"><div class=\"gb-inside-container\">\n\n<div class=\"wp-block-media-text alignwide is-image-fill\"><figure class=\"wp-block-media-text__media\" style=\"background-image:url(https:\/\/laiavilaro.com\/wp-content\/uploads\/03-valors-racionalitat.jpg);background-position:50% 50%\"><img loading=\"lazy\" decoding=\"async\" width=\"1400\" height=\"1168\" src=\"https:\/\/laiavilaro.com\/wp-content\/uploads\/03-valors-racionalitat.jpg\" alt=\"\" class=\"wp-image-58 size-full\" srcset=\"https:\/\/laiavilaro.com\/wp-content\/uploads\/03-valors-racionalitat.jpg 1400w, https:\/\/laiavilaro.com\/wp-content\/uploads\/03-valors-racionalitat-800x667.jpg 800w, https:\/\/laiavilaro.com\/wp-content\/uploads\/03-valors-racionalitat-768x641.jpg 768w\" sizes=\"auto, (max-width: 1400px) 100vw, 1400px\" \/><\/figure><div class=\"wp-block-media-text__content\">\n<h2 class=\"wp-block-heading\" id=\"racionalitat\">Racionalidad<\/h2>\n\n\n\n<p>Utilizar la inteligencia y sentido com\u00fan para realizar espacios lo m\u00e1s adecuados posibles a las necesidades del cliente y teniendo en cuenta su entorno.<\/p>\n<\/div><\/div>\n\n<\/div><\/div><div class=\"gb-container gb-container-9705c3ac valor2 creativitat alignfull\"><div class=\"gb-inside-container\">\n\n<div class=\"wp-block-media-text alignwide has-media-on-the-right is-image-fill\"><div class=\"wp-block-media-text__content\">\n<h2 class=\"wp-block-heading\" id=\"creativitat\">Creatividad<\/h2>\n\n\n\n<p>El ingrediente clave para que surjan las mejores ideas.<\/p>\n<\/div><figure class=\"wp-block-media-text__media\" style=\"background-image:url(https:\/\/laiavilaro.com\/wp-content\/uploads\/03-valors-creativitat.jpg);background-position:50% 50%\"><img loading=\"lazy\" decoding=\"async\" width=\"1400\" height=\"1168\" src=\"https:\/\/laiavilaro.com\/wp-content\/uploads\/03-valors-creativitat.jpg\" alt=\"\" class=\"wp-image-64 size-full\" srcset=\"https:\/\/laiavilaro.com\/wp-content\/uploads\/03-valors-creativitat.jpg 1400w, https:\/\/laiavilaro.com\/wp-content\/uploads\/03-valors-creativitat-800x667.jpg 800w, https:\/\/laiavilaro.com\/wp-content\/uploads\/03-valors-creativitat-768x641.jpg 768w\" sizes=\"auto, (max-width: 1400px) 100vw, 1400px\" \/><\/figure><\/div>\n\n<\/div><\/div><div class=\"gb-container gb-container-81e0e973 valor2 sensibilitat alignfull\"><div class=\"gb-inside-container\">\n\n<div class=\"wp-block-media-text alignwide is-image-fill\"><figure class=\"wp-block-media-text__media\" style=\"background-image:url(https:\/\/laiavilaro.com\/wp-content\/uploads\/03-valors-sensibilitat.jpg);background-position:51% 50%\"><img loading=\"lazy\" decoding=\"async\" width=\"1400\" height=\"1168\" src=\"https:\/\/laiavilaro.com\/wp-content\/uploads\/03-valors-sensibilitat.jpg\" alt=\"\" class=\"wp-image-60 size-full\" srcset=\"https:\/\/laiavilaro.com\/wp-content\/uploads\/03-valors-sensibilitat.jpg 1400w, https:\/\/laiavilaro.com\/wp-content\/uploads\/03-valors-sensibilitat-800x667.jpg 800w, https:\/\/laiavilaro.com\/wp-content\/uploads\/03-valors-sensibilitat-768x641.jpg 768w\" sizes=\"auto, (max-width: 1400px) 100vw, 1400px\" \/><\/figure><div class=\"wp-block-media-text__content\">\n<h2 class=\"wp-block-heading\" id=\"sensibilitat\">Sensibilidad<\/h2>\n\n\n\n<p>Traslad\u00e1ndola en todo el proceso de trabajo y en cada espacio.<\/p>\n<\/div><\/div>\n\n<\/div><\/div><div class=\"gb-container gb-container-69845d60 valor2 ilusio alignfull\"><div class=\"gb-inside-container\">\n\n<div class=\"wp-block-media-text alignwide has-media-on-the-right is-image-fill\"><div class=\"wp-block-media-text__content\">\n<h2 class=\"wp-block-heading\" id=\"il-lusio\">Ilusi\u00f3n<\/h2>\n\n\n\n<p>Espacios proyectados y trabajados desde el entusiasmo y amor hacia esta profesi\u00f3n.<\/p>\n<\/div><figure class=\"wp-block-media-text__media\" style=\"background-image:url(https:\/\/laiavilaro.com\/wp-content\/uploads\/03-valors-ilusio.jpg);background-position:58% 47%\"><img loading=\"lazy\" decoding=\"async\" width=\"1900\" height=\"1267\" src=\"https:\/\/laiavilaro.com\/wp-content\/uploads\/03-valors-ilusio.jpg\" alt=\"\" class=\"wp-image-68 size-full\" srcset=\"https:\/\/laiavilaro.com\/wp-content\/uploads\/03-valors-ilusio.jpg 1900w, https:\/\/laiavilaro.com\/wp-content\/uploads\/03-valors-ilusio-800x533.jpg 800w, https:\/\/laiavilaro.com\/wp-content\/uploads\/03-valors-ilusio-768x512.jpg 768w, https:\/\/laiavilaro.com\/wp-content\/uploads\/03-valors-ilusio-1536x1024.jpg 1536w\" sizes=\"auto, (max-width: 1900px) 100vw, 1900px\" \/><\/figure><\/div>\n\n<\/div><\/div><div class=\"gb-container gb-container-9c8adee6 valor2 comunicacio alignfull\"><div class=\"gb-inside-container\">\n\n<div class=\"wp-block-media-text alignwide is-image-fill\"><figure class=\"wp-block-media-text__media\" style=\"background-image:url(https:\/\/laiavilaro.com\/wp-content\/uploads\/03-valors-comunicacio.jpg);background-position:79% 46%\"><img loading=\"lazy\" decoding=\"async\" width=\"1644\" height=\"1168\" src=\"https:\/\/laiavilaro.com\/wp-content\/uploads\/03-valors-comunicacio.jpg\" alt=\"\" class=\"wp-image-61 size-full\" srcset=\"https:\/\/laiavilaro.com\/wp-content\/uploads\/03-valors-comunicacio.jpg 1644w, https:\/\/laiavilaro.com\/wp-content\/uploads\/03-valors-comunicacio-800x568.jpg 800w, https:\/\/laiavilaro.com\/wp-content\/uploads\/03-valors-comunicacio-768x546.jpg 768w, https:\/\/laiavilaro.com\/wp-content\/uploads\/03-valors-comunicacio-1536x1091.jpg 1536w\" sizes=\"auto, (max-width: 1644px) 100vw, 1644px\" \/><\/figure><div class=\"wp-block-media-text__content\">\n<h2 class=\"wp-block-heading\" id=\"comunicacio\">Comunicaci\u00f3n<\/h2>\n\n\n\n<p>Fluida y cercana, escuchando y empatizando con el cliente para descubrir y entender lo que realmente quiere.<\/p>\n<\/div><\/div>\n\n<\/div><\/div><div class=\"gb-container gb-container-670b123f valor2 qualitat-preu alignfull\"><div class=\"gb-inside-container\">\n\n<div class=\"wp-block-media-text alignwide has-media-on-the-right is-image-fill\"><div class=\"wp-block-media-text__content\">\n<h2 class=\"wp-block-heading\" id=\"qualitat-preu\">Calidad-Precio<\/h2>\n\n\n\n<p>Buscando siempre esta buena relaci\u00f3n, calidad nunca re\u00f1ida con un precio ajustado.<\/p>\n<\/div><figure class=\"wp-block-media-text__media\" style=\"background-image:url(https:\/\/laiavilaro.com\/wp-content\/uploads\/03-valors-qualitat-preu.jpg);background-position:68% 51%\"><img loading=\"lazy\" decoding=\"async\" width=\"1900\" height=\"1400\" src=\"https:\/\/laiavilaro.com\/wp-content\/uploads\/03-valors-qualitat-preu.jpg\" alt=\"\" class=\"wp-image-54 size-full\" srcset=\"https:\/\/laiavilaro.com\/wp-content\/uploads\/03-valors-qualitat-preu.jpg 1900w, https:\/\/laiavilaro.com\/wp-content\/uploads\/03-valors-qualitat-preu-800x589.jpg 800w, https:\/\/laiavilaro.com\/wp-content\/uploads\/03-valors-qualitat-preu-768x566.jpg 768w, https:\/\/laiavilaro.com\/wp-content\/uploads\/03-valors-qualitat-preu-1536x1132.jpg 1536w\" sizes=\"auto, (max-width: 1900px) 100vw, 1900px\" \/><\/figure><\/div>\n\n<\/div><\/div>\n<p><\/p>\n","protected":false},"excerpt":{"rendered":"<p>Valores A lo largo de la trayectoria profesional he ido desarrollando mi filosof\u00eda de trabajo y la forma de entender esta profesi\u00f3n siguiendo una serie &#8230; <a title=\"Valores\" class=\"read-more\" href=\"https:\/\/laiavilaro.com\/es\/valores\/\" aria-label=\"M\u00e1s en Valores\">Leer m\u00e1s<\/a><\/p>\n","protected":false},"author":1,"featured_media":0,"parent":0,"menu_order":0,"comment_status":"closed","ping_status":"closed","template":"","meta":{"BoldBlocksTypography":[],"footnotes":""},"class_list":{"0":"post-943","1":"page","2":"type-page","3":"status-publish","5":"infinite-scroll-item"},"acf":[],"_links":{"self":[{"href":"https:\/\/laiavilaro.com\/es\/wp-json\/wp\/v2\/pages\/943","targetHints":{"allow":["GET"]}}],"collection":[{"href":"https:\/\/laiavilaro.com\/es\/wp-json\/wp\/v2\/pages"}],"about":[{"href":"https:\/\/laiavilaro.com\/es\/wp-json\/wp\/v2\/types\/page"}],"author":[{"embeddable":true,"href":"https:\/\/laiavilaro.com\/es\/wp-json\/wp\/v2\/users\/1"}],"replies":[{"embeddable":true,"href":"https:\/\/laiavilaro.com\/es\/wp-json\/wp\/v2\/comments?post=943"}],"version-history":[{"count":6,"href":"https:\/\/laiavilaro.com\/es\/wp-json\/wp\/v2\/pages\/943\/revisions"}],"predecessor-version":[{"id":980,"href":"https:\/\/laiavilaro.com\/es\/wp-json\/wp\/v2\/pages\/943\/revisions\/980"}],"wp:attachment":[{"href":"https:\/\/laiavilaro.com\/es\/wp-json\/wp\/v2\/media?parent=943"}],"curies":[{"name":"wp","href":"https:\/\/api.w.org\/{rel}","templated":true}]}}