{"id":949,"date":"2021-11-27T14:08:48","date_gmt":"2021-11-27T14:08:48","guid":{"rendered":"https:\/\/laiavilaro.com\/asesoramiento-en-interiorismo-y-decoracion\/"},"modified":"2023-09-08T17:52:30","modified_gmt":"2023-09-08T17:52:30","slug":"asesoramiento-en-interiorismo-y-decoracion","status":"publish","type":"page","link":"https:\/\/laiavilaro.com\/es\/asesoramiento-en-interiorismo-y-decoracion\/","title":{"rendered":"Asesoramiento en interiorismo y decoraci\u00f3n"},"content":{"rendered":"\n<p>A veces los espacios no nos acaban de gustar e incluso nos hacen sentir inc\u00f3modos y a disgusto. En la mayor\u00eda de los casos realizando algunas correcciones e introduciendo alg\u00fan elemento nuevo pueden adquirir un aspecto y aire distintos, todo esto sin necesidad de hacer obras y, por lo tanto, con poca inversi\u00f3n de dinero y tiempo.<br\/>El objectivo principal de este asesoramiento es adecuar el espacio para aportar un mayor bienestar e incluso mejora en la salud. \u00c9ste puede consistir en modificar la ditribuci\u00f3n del mobiliario existente, buscar nuevas tonalidades para las paredes, hasta la elecci\u00f3n de nuevos elementos decorativos como cortinas, alfombras, plaids, cojines o colchas, as\u00ed como tambi\u00e9n la elecci\u00f3n de nuevas piezas de mobiliario y\/o iluminaci\u00f3n.<\/p>\n\n<div style=\"height:20px\" aria-hidden=\"true\" class=\"wp-block-spacer\"><\/div>\n\n<h2 class=\"wp-block-heading\">C\u00f3mo se hace:<\/h2>\n\n<p>Cada asesoramiento se realiza con dedicaci\u00f3n, profesionalidad, cuidado en los detalles y sobre todo con ilusi\u00f3n para obtener el mejor resultado.<\/p>\n\n<p>En la redistribuici\u00f3n tengo en cuenta diferentes criterios: desde principios b\u00e1sicos del orden espacial hasta conceptos del arte ancestral del feng shui incorporando tambi\u00e9n, en caso de ser necesario, la geobiolog\u00eda. La finalidad es obtener el mayor bienestar y confort a trav\u00e9s del espacio. Aparte de esto, cada elemento nuevo que formar\u00e1 parte de \u00e9l se elige con criterios est\u00e9ticos, funcionales y sostenibles.<\/p>\n\n<p>Se empieza con una visita para ver el espacio y observar cu\u00e1les son los aspectos a mejorar y conocer los deseos y objectivos del cliente. A continuaci\u00f3n se realiza un dossier basado en el <em>feedback<\/em> y en cada uno de los aspectos a mejorar donde se presentan las diferentes propuestas con la informaci\u00f3n necesaria para que el cliente pueda llevar a cabo la renovaci\u00f3n.<\/p>\n\n<p>Tambi\u00e9n hay la posibilidad de que el cliente no se tenga que ocupar de nada y en este caso, no tiene que buscar, ni comprar, ni gestionar y en un cerrar y abrir de ojos tendr\u00e1 el espacio renovado.<\/p>\n","protected":false},"excerpt":{"rendered":"<p>A veces los espacios no nos acaban de gustar e incluso nos hacen sentir inc\u00f3modos y a disgusto. En la mayor\u00eda de los casos realizando &#8230; <a title=\"Asesoramiento en interiorismo y decoraci\u00f3n\" class=\"read-more\" href=\"https:\/\/laiavilaro.com\/es\/asesoramiento-en-interiorismo-y-decoracion\/\" aria-label=\"M\u00e1s en Asesoramiento en interiorismo y decoraci\u00f3n\">Leer m\u00e1s<\/a><\/p>\n","protected":false},"author":1,"featured_media":841,"parent":0,"menu_order":0,"comment_status":"closed","ping_status":"closed","template":"","meta":{"BoldBlocksTypography":[],"footnotes":""},"class_list":{"0":"post-949","1":"page","2":"type-page","3":"status-publish","4":"has-post-thumbnail","6":"infinite-scroll-item"},"acf":[],"_links":{"self":[{"href":"https:\/\/laiavilaro.com\/es\/wp-json\/wp\/v2\/pages\/949","targetHints":{"allow":["GET"]}}],"collection":[{"href":"https:\/\/laiavilaro.com\/es\/wp-json\/wp\/v2\/pages"}],"about":[{"href":"https:\/\/laiavilaro.com\/es\/wp-json\/wp\/v2\/types\/page"}],"author":[{"embeddable":true,"href":"https:\/\/laiavilaro.com\/es\/wp-json\/wp\/v2\/users\/1"}],"replies":[{"embeddable":true,"href":"https:\/\/laiavilaro.com\/es\/wp-json\/wp\/v2\/comments?post=949"}],"version-history":[{"count":1,"href":"https:\/\/laiavilaro.com\/es\/wp-json\/wp\/v2\/pages\/949\/revisions"}],"predecessor-version":[{"id":950,"href":"https:\/\/laiavilaro.com\/es\/wp-json\/wp\/v2\/pages\/949\/revisions\/950"}],"wp:featuredmedia":[{"embeddable":true,"href":"https:\/\/laiavilaro.com\/es\/wp-json\/wp\/v2\/media\/841"}],"wp:attachment":[{"href":"https:\/\/laiavilaro.com\/es\/wp-json\/wp\/v2\/media?parent=949"}],"curies":[{"name":"wp","href":"https:\/\/api.w.org\/{rel}","templated":true}]}}