{"id":951,"date":"2021-11-27T14:22:23","date_gmt":"2021-11-27T14:22:23","guid":{"rendered":"https:\/\/laiavilaro.com\/proyectos-de-interiorismo\/"},"modified":"2023-09-08T18:00:30","modified_gmt":"2023-09-08T18:00:30","slug":"proyectos-de-interiorismo","status":"publish","type":"page","link":"https:\/\/laiavilaro.com\/es\/proyectos-de-interiorismo\/","title":{"rendered":"Proyectos de interiorismo"},"content":{"rendered":"\n<p>La esencia principal de los proyectos que elaboro se basa en el dise\u00f1o de espacios sostenibles y saludables que contribuyan al bienestar y salud de las personas que los habitan teniendo siempre presente el aspecto funcional y est\u00e9tico.<\/p>\n\n\n\n<p>La realizaci\u00f3n del proyecto es fundamental para obtener el espacio deseado ya que con \u00e9l se consigue analizar cada uno de los elementos que lo configuran obteniendo finalmente la coherencia espacial y est\u00e9tica m\u00e1s id\u00f3nea. Tambi\u00e9n permite llevar a cabo la reforma de manera ordenada y eficaz, ahorrando tiempo, dinero y logrando tambi\u00e9n un mayor control del proceso.<\/p>\n\n\n\n<p>Realizo proyectos de interiorismo de diferentes tipolog\u00edas:<\/p>\n\n\n\n<ul class=\"wp-block-list\">\n<li>Viviendas: pisos y casas unifamiliares.<\/li>\n\n\n\n<li>Centros dedicados a la salud, est\u00e9tica y bienestar.<\/li>\n\n\n\n<li>Centros de yoga, danza y pilates.<\/li>\n\n\n\n<li>Centros culturales, de ocio y ongs.<\/li>\n\n\n\n<li>Locales comerciales de distintas \u00edndoles.<\/li>\n\n\n\n<li>Cafeter\u00edas y restaurantes.<\/li>\n\n\n\n<li>Hoteles y casas rurales.<\/li>\n<\/ul>\n\n\n\n<p>En cada uno de los casos pueden ser tanto proyectos de reformas integrales como parciales, en los cuales se interviene en una zona o estancia.<\/p>\n\n\n\n<div style=\"height:20px\" aria-hidden=\"true\" class=\"wp-block-spacer\"><\/div>\n\n\n\n<h2 class=\"wp-block-heading\">C\u00f3mo se hace:<\/h2>\n\n\n\n<p>Cada proyecto se realiza con el objectivo de crear el espacio m\u00e1s \u00f3ptimo y adecuado a las necesidades y deseos del cliente. Lugares que inviten a estarse, gozando cada uno de sus rincones y realizados con esmero, exigencia y profesionalidad, juntamente con una buena y fluida comunicaci\u00f3n con el cliente.<\/p>\n\n\n\n<p>El dise\u00f1o se hace de manera sostenible para contribuir a la mejora del medioambiente y obtener as\u00ed tambi\u00e9n el espacio m\u00e1s saludable posible. Mediante la utilizaci\u00f3n de materiales de menor impacto ambiental partiendo de recursos naturales renovables, material reciclado y tambi\u00e9n la gesti\u00f3n sostenible de los sistemas de energ\u00eda y agua.<\/p>\n\n\n\n<p>Tambi\u00e9n introduzco conceptos del arte ancestral del feng shui integrando tambi\u00e9n la geobiolog\u00eda en los casos que se requiera. La geobiolog\u00eda es la ciencia que estudia los efectos de las radiaciones en las viviendas sobre la salud de las personas y aporta soluciones para mejorar la salud, bienestar y calidad de vida.<\/p>\n\n\n\n<p>En funci\u00f3n de cada tipo de adecuaci\u00f3n el proyecto y desarrollo var\u00eda, pero en general tienen el siguiente procedimiento:<\/p>\n\n\n\n<p>Se hace una primera visita para ver el espacio y conocer las necesidades y objectivos del cliente. Se sigue con la toma de medidas para poder realizar la propuesta y finalmente se hace la entrega de los planos con toda la informaci\u00f3n necesaria per realizar la reforma as\u00ed como tambi\u00e9n un dossier de las propuestas de mobiliario, iluminaci\u00f3n, etc. juntamente con la valoraci\u00f3n econ\u00f3mica.<\/p>\n\n\n\n<p>La reforma la pueden llevar a cabo los industriales aportados por parte del cliente o los industriales de mi confianza. En este segundo caso el cliente puede olvidarse por completo de la gesti\u00f3n de la obra. Tanto en el primero com en el segundo ofrezco el servicio de supervisi\u00f3n y control de la obra.<\/p>\n","protected":false},"excerpt":{"rendered":"<p>La esencia principal de los proyectos que elaboro se basa en el dise\u00f1o de espacios sostenibles y saludables que contribuyan al bienestar y salud de &#8230; <a title=\"Proyectos de interiorismo\" class=\"read-more\" href=\"https:\/\/laiavilaro.com\/es\/proyectos-de-interiorismo\/\" aria-label=\"M\u00e1s en Proyectos de interiorismo\">Leer m\u00e1s<\/a><\/p>\n","protected":false},"author":1,"featured_media":844,"parent":0,"menu_order":0,"comment_status":"closed","ping_status":"closed","template":"","meta":{"BoldBlocksTypography":[],"footnotes":""},"class_list":{"0":"post-951","1":"page","2":"type-page","3":"status-publish","4":"has-post-thumbnail","6":"infinite-scroll-item"},"acf":[],"_links":{"self":[{"href":"https:\/\/laiavilaro.com\/es\/wp-json\/wp\/v2\/pages\/951","targetHints":{"allow":["GET"]}}],"collection":[{"href":"https:\/\/laiavilaro.com\/es\/wp-json\/wp\/v2\/pages"}],"about":[{"href":"https:\/\/laiavilaro.com\/es\/wp-json\/wp\/v2\/types\/page"}],"author":[{"embeddable":true,"href":"https:\/\/laiavilaro.com\/es\/wp-json\/wp\/v2\/users\/1"}],"replies":[{"embeddable":true,"href":"https:\/\/laiavilaro.com\/es\/wp-json\/wp\/v2\/comments?post=951"}],"version-history":[{"count":3,"href":"https:\/\/laiavilaro.com\/es\/wp-json\/wp\/v2\/pages\/951\/revisions"}],"predecessor-version":[{"id":954,"href":"https:\/\/laiavilaro.com\/es\/wp-json\/wp\/v2\/pages\/951\/revisions\/954"}],"wp:featuredmedia":[{"embeddable":true,"href":"https:\/\/laiavilaro.com\/es\/wp-json\/wp\/v2\/media\/844"}],"wp:attachment":[{"href":"https:\/\/laiavilaro.com\/es\/wp-json\/wp\/v2\/media?parent=951"}],"curies":[{"name":"wp","href":"https:\/\/api.w.org\/{rel}","templated":true}]}}