{"id":957,"date":"2021-11-30T10:23:06","date_gmt":"2021-11-30T10:23:06","guid":{"rendered":"https:\/\/laiavilaro.com\/inspiraciones\/"},"modified":"2023-09-08T18:07:12","modified_gmt":"2023-09-08T18:07:12","slug":"inspiraciones","status":"publish","type":"page","link":"https:\/\/laiavilaro.com\/es\/inspiraciones\/","title":{"rendered":"Inspiraciones"},"content":{"rendered":"\n<p><em>\u201cViajo hacia espacios so\u00f1ados donde vivir, reir y so\u00f1ar. Gozando en ellos de la soledad y la compa\u00f1\u00eda, de su luz, colores y olores: el olor de la madera, de los libros, del caf\u00e9 en la mesa del sal\u00f3n, sintiendo la calidez del coj\u00edn, el confort del sof\u00e1. Viajo a espacios habit\u00e1ndolos, ocup\u00e1ndolos y percibiendo su interior, una caja de sorpresas llena de sensaciones, sue\u00f1os e ilusiones.\u201d<\/em><\/p>\n\n\n\n<p>Laia Vilar\u00f3<\/p>\n","protected":false},"excerpt":{"rendered":"<p>\u201cViajo hacia espacios so\u00f1ados donde vivir, reir y so\u00f1ar. Gozando en ellos de la soledad y la compa\u00f1\u00eda, de su luz, colores y olores: el &#8230; <a title=\"Inspiraciones\" class=\"read-more\" href=\"https:\/\/laiavilaro.com\/es\/inspiraciones\/\" aria-label=\"M\u00e1s en Inspiraciones\">Leer m\u00e1s<\/a><\/p>\n","protected":false},"author":1,"featured_media":845,"parent":0,"menu_order":0,"comment_status":"closed","ping_status":"closed","template":"","meta":{"BoldBlocksTypography":[],"footnotes":""},"class_list":{"0":"post-957","1":"page","2":"type-page","3":"status-publish","4":"has-post-thumbnail","6":"infinite-scroll-item"},"acf":[],"_links":{"self":[{"href":"https:\/\/laiavilaro.com\/es\/wp-json\/wp\/v2\/pages\/957","targetHints":{"allow":["GET"]}}],"collection":[{"href":"https:\/\/laiavilaro.com\/es\/wp-json\/wp\/v2\/pages"}],"about":[{"href":"https:\/\/laiavilaro.com\/es\/wp-json\/wp\/v2\/types\/page"}],"author":[{"embeddable":true,"href":"https:\/\/laiavilaro.com\/es\/wp-json\/wp\/v2\/users\/1"}],"replies":[{"embeddable":true,"href":"https:\/\/laiavilaro.com\/es\/wp-json\/wp\/v2\/comments?post=957"}],"version-history":[{"count":3,"href":"https:\/\/laiavilaro.com\/es\/wp-json\/wp\/v2\/pages\/957\/revisions"}],"predecessor-version":[{"id":960,"href":"https:\/\/laiavilaro.com\/es\/wp-json\/wp\/v2\/pages\/957\/revisions\/960"}],"wp:featuredmedia":[{"embeddable":true,"href":"https:\/\/laiavilaro.com\/es\/wp-json\/wp\/v2\/media\/845"}],"wp:attachment":[{"href":"https:\/\/laiavilaro.com\/es\/wp-json\/wp\/v2\/media?parent=957"}],"curies":[{"name":"wp","href":"https:\/\/api.w.org\/{rel}","templated":true}]}}